{"id":4518,"date":"2018-12-12T14:27:07","date_gmt":"2018-12-12T12:27:07","guid":{"rendered":"http:\/\/simc.montserrat.es\/?page_id=4518"},"modified":"2025-12-09T11:49:17","modified_gmt":"2025-12-09T09:49:17","slug":"inicio","status":"publish","type":"page","link":"https:\/\/simc.montserrat.es\/ca\/","title":{"rendered":"Inici"},"content":{"rendered":"<p><img decoding=\"async\" src=\"\/wp-content\/uploads\/2018\/12\/title.png\" alt=\"\"><\/p>\n<div>\n<p>El municipi de <strong>Montserrat<\/strong>, i al capdavant d\u2019aquest el seu Ajuntament, desenvolupa de forma ininterrompuda des de l\u2019estiu de 1981, actuacions musicals enquadrades en el que anomenem <strong>Setmana Internacional de M\u00fasica de Cambra<\/strong> o SIMC.<\/p>\n<p>Mitjan\u00e7ant la SIMC, el municipi ha pret\u00e9s que aquests cicles de concerts servisquen a la nostra societat, en la qual es troba tan arrelada la cultura musical, per divulgar, con\u00e9ixer i potenciar un altre tipus de m\u00fasica, com la de cambra (des del Renaixement fins als nostres dies) que, encara que en el marc de la m\u00fasica cl\u00e0ssica, \u00e9s una mica m\u00e9s desconeguda i aliena a la nostra cultura. Tamb\u00e9 la m\u00fasica contempor\u00e0nia, el jazz, etc., i l\u2019\u00f2pera, que fins llavors havia resultat ser la gran desconeguda dins el m\u00f3n de la m\u00fasica per a molts de nosaltres.<\/p>\n<\/div>\n<h2>Resum 44 SIMC (2025)<\/h2>\n<p><iframe src=\"https:\/\/www.youtube.com\/watch?v=7_FmNp4lPSs\"><\/iframe><\/p>\n<div>\n<p>\u00c9s un esdeveniment que pot\u00e8ncia el turisme cultural, amb pretencions d\u2019internacionaltzaci\u00f3. Prova d\u2019aquest fet \u00e9s el haver rebut al 2017-2018 el segell de l\u2019Associaci\u00f3 Europea de Festivals, EFFE (<strong>Europe for Festivals, Festivals for Europe<\/strong>). EFFE \u00e9s un projecte pilot de la Comissi\u00f3 Europea que consisteix en una plataforma europea de festivals en el camp de la cultura iniciada per l\u2019Associaci\u00f3 Europea de Festivals (EFA).<\/p>\n<p>La <strong>Setmana Internacional de M\u00fasica de Cambra<\/strong> ara forma part de la comunitat de festivals EFFE, facilitada per l\u2019Associaci\u00f3 Europea de Festivals, que consisteix en festivals que representen la qualitat art\u00edstica i tenen un impacte significatiu en l\u2019\u00e0mbit local, nacional i internacional.<\/p>\n<p>El nostre Festival va rebre la seg\u00fcent observaci\u00f3 del jurat:<br \/>\n<i>\u00abEl Festival \u00e9s un festival de xicotet format i senzill. El jurat suggereix treballar en el comprom\u00eds internacional i europeu no nom\u00e9s convidant artistes internacionals, sin\u00f3 tamb\u00e9 arribant a xarxes internacionals o festivals similars\u00bb.<\/i><\/p>\n<p>La <strong>Setmana Internacional de M\u00fasica de Cambra<\/strong> apareixer\u00e0 en el <a href=\"https:\/\/www.festivalfinder.eu\/\" target=\"_blank\">lloc web d\u2019EFFE<\/a>, la qual cosa significa que la informaci\u00f3 de la SIMC ser\u00e0 f\u00e0cilment accessible al p\u00fablic, artistes, organitzacions art\u00edstiques, conjunts, orquestres, autoritats p\u00fabliques a tots els \u00e0mbits, patrocinadors i empreses privades, aix\u00ed com per als mitjans de comunicaci\u00f3. Des d\u2019EFFE planegen una \u00e0mplia campanya de comunicaci\u00f3 i m\u00e0rqueting sobre la qual ens mantindran informats i involucrats.<\/p>\n<\/div>\n<p><!--more--><br \/>\n<!-- {\"name\":\"Sponsors\",\"type\":\"layout\",\"children\":[{\"name\":\"Headline\",\"type\":\"section\",\"props\":{\"header_transparent\":true,\"header_transparent_noplaceholder\":true,\"header_transparent_text_color\":\"light\",\"height\":\"viewport\",\"height_offset_top\":true,\"height_viewport\":80,\"image\":\"wp-content\\\/uploads\\\/2018\\\/12\\\/manteniment.jpg\",\"image_position\":\"center-center\",\"image_size\":\"cover\",\"media_overlay\":\"rgba(0, 0, 0, 0.41)\",\"overlap\":false,\"padding\":\"large\",\"style\":\"muted\",\"title_breakpoint\":\"xl\",\"title_position\":\"top-left\",\"title_rotation\":\"left\",\"vertical_align\":\"\",\"width\":\"\"},\"children\":[{\"type\":\"row\",\"children\":[{\"type\":\"column\",\"props\":{\"image_position\":\"center-center\",\"position_sticky_breakpoint\":\"m\",\"width_medium\":\"1-1\"},\"children\":[{\"type\":\"image\",\"props\":{\"image\":\"wp-content\\\/uploads\\\/2018\\\/12\\\/title.png\",\"image_svg_color\":\"emphasis\",\"margin\":\"\",\"text_align\":\"center\"}}]}]}]},{\"name\":\"Presentacion\",\"type\":\"section\",\"props\":{\"image_position\":\"center-center\",\"style\":\"default\",\"title_breakpoint\":\"xl\",\"title_position\":\"top-left\",\"title_rotation\":\"left\",\"vertical_align\":\"\",\"width\":\"default\"},\"children\":[{\"type\":\"row\",\"children\":[{\"type\":\"column\",\"props\":{\"image_position\":\"center-center\",\"position_sticky_breakpoint\":\"m\",\"width_medium\":\"1-1\"},\"children\":[{\"type\":\"text\",\"props\":{\"column_breakpoint\":\"m\",\"content\":\"\n\n<p>El municipi de <strong>Montserrat<\\\/strong>, i al capdavant d\\u2019aquest el seu Ajuntament, desenvolupa de forma ininterrompuda des de l\\u2019estiu de 1981, actuacions musicals enquadrades en el que anomenem <strong>Setmana Internacional de M\\u00fasica de Cambra<\\\/strong> o SIMC.<\\\/p>\\n\n\n<p>Mitjan\\u00e7ant la SIMC, el municipi ha pret\\u00e9s que aquests cicles de concerts servisquen a la nostra societat, en la qual es troba tan arrelada la cultura musical, per divulgar, con\\u00e9ixer i potenciar un altre tipus de m\\u00fasica, com la de cambra (des del Renaixement fins als nostres dies) que, encara que en el marc de la m\\u00fasica cl\\u00e0ssica, \\u00e9s una mica m\\u00e9s desconeguda i aliena a la nostra cultura. Tamb\\u00e9 la m\\u00fasica contempor\\u00e0nia, el jazz, etc., i l\\u2019\\u00f2pera, que fins llavors havia resultat ser la gran desconeguda dins el m\\u00f3n de la m\\u00fasica per a molts de nosaltres.<\\\/p>\",\"margin\":\"\",\"text_align\":\"justify\"}}]}]}]},{\"name\":\"Resumen\",\"type\":\"section\",\"props\":{\"image_position\":\"center-center\",\"padding_remove_top\":true,\"style\":\"default\",\"title_breakpoint\":\"xl\",\"title_position\":\"top-left\",\"title_rotation\":\"left\",\"vertical_align\":\"\",\"width\":\"default\"},\"children\":[{\"type\":\"row\",\"children\":[{\"type\":\"column\",\"props\":{\"image_position\":\"center-center\",\"position_sticky_breakpoint\":\"m\",\"width_medium\":\"1-1\"},\"children\":[{\"type\":\"headline\",\"props\":{\"content\":\"Resum 44 SIMC (2025)\",\"text_align\":\"center\",\"title_element\":\"h2\"}},{\"type\":\"video\",\"props\":{\"margin\":\"\",\"text_align\":\"center\",\"video\":\"https:\\\/\\\/www.youtube.com\\\/watch?v=7_FmNp4lPSs\",\"video_box_decoration\":\"shadow\",\"video_controls\":true,\"video_height\":\"506\",\"video_width\":\"900\"}}]}]}]},{\"type\":\"section\",\"props\":{\"image_position\":\"center-center\",\"style\":\"default\",\"title_breakpoint\":\"xl\",\"title_position\":\"top-left\",\"title_rotation\":\"left\",\"vertical_align\":\"\",\"width\":\"default\"},\"children\":[{\"type\":\"row\",\"children\":[{\"type\":\"column\",\"props\":{\"image_position\":\"center-center\",\"position_sticky_breakpoint\":\"m\",\"width_medium\":\"1-1\"},\"children\":[{\"type\":\"text\",\"props\":{\"column_breakpoint\":\"m\",\"content\":\"\n\n<p>\\u00c9s un esdeveniment que pot\\u00e8ncia el turisme cultural, amb pretencions d\\u2019internacionaltzaci\\u00f3. Prova d\\u2019aquest fet \\u00e9s el haver rebut al 2017-2018 el segell de l\\u2019Associaci\\u00f3 Europea de Festivals, EFFE (<strong>Europe for Festivals, Festivals for Europe<\\\/strong>). EFFE \\u00e9s un projecte pilot de la Comissi\\u00f3 Europea que consisteix en una plataforma europea de festivals en el camp de la cultura iniciada per l\\u2019Associaci\\u00f3 Europea de Festivals (EFA).<\\\/p>\\n\n\n<p>La <strong>Setmana Internacional de M\\u00fasica de Cambra<\\\/strong> ara forma part de la comunitat de festivals EFFE, facilitada per l\\u2019Associaci\\u00f3 Europea de Festivals, que consisteix en festivals que representen la qualitat art\\u00edstica i tenen un impacte significatiu en l\\u2019\\u00e0mbit local, nacional i internacional.<\\\/p>\\n\n\n<p>El nostre Festival va rebre la seg\\u00fcent observaci\\u00f3 del jurat:<br \/>\\n<i>\\u00abEl Festival \\u00e9s un festival de xicotet format i senzill. El jurat suggereix treballar en el comprom\\u00eds internacional i europeu no nom\\u00e9s convidant artistes internacionals, sin\\u00f3 tamb\\u00e9 arribant a xarxes internacionals o festivals similars\\u00bb.<\\\/i><\\\/p>\\n\n\n<p>La <strong>Setmana Internacional de M\\u00fasica de Cambra<\\\/strong> apareixer\\u00e0 en el <a href=\\\"https:\\\/\\\/www.festivalfinder.eu\\\/\\\" target=\\\"_blank\\\">lloc web d\\u2019EFFE<\\\/a>, la qual cosa significa que la informaci\\u00f3 de la SIMC ser\\u00e0 f\\u00e0cilment accessible al p\\u00fablic, artistes, organitzacions art\\u00edstiques, conjunts, orquestres, autoritats p\\u00fabliques a tots els \\u00e0mbits, patrocinadors i empreses privades, aix\\u00ed com per als mitjans de comunicaci\\u00f3. Des d\\u2019EFFE planegen una \\u00e0mplia campanya de comunicaci\\u00f3 i m\\u00e0rqueting sobre la qual ens mantindran informats i involucrats.<\\\/p>\",\"margin\":\"\",\"text_align\":\"justify\"}}]}]}]}],\"version\":\"4.3.5\"} --><\/p>\n","protected":false},"excerpt":{"rendered":"<p>El municipi de Montserrat, i al capdavant d\u2019aquest el seu Ajuntament, desenvolupa de forma ininterrompuda des de l\u2019estiu de 1981, actuacions musicals enquadrades en el que anomenem Setmana Internacional de M\u00fasica de Cambra o SIMC. Mitjan\u00e7ant la SIMC, el municipi ha pret\u00e9s que aquests cicles de concerts servisquen a la nostra societat, en la qual [&hellip;]<\/p>\n","protected":false},"author":1,"featured_media":0,"parent":0,"menu_order":0,"comment_status":"closed","ping_status":"closed","template":"","meta":{"_acf_changed":false,"footnotes":""},"class_list":["post-4518","page","type-page","status-publish","hentry"],"acf":[],"_links":{"self":[{"href":"https:\/\/simc.montserrat.es\/ca\/wp-json\/wp\/v2\/pages\/4518","targetHints":{"allow":["GET"]}}],"collection":[{"href":"https:\/\/simc.montserrat.es\/ca\/wp-json\/wp\/v2\/pages"}],"about":[{"href":"https:\/\/simc.montserrat.es\/ca\/wp-json\/wp\/v2\/types\/page"}],"author":[{"embeddable":true,"href":"https:\/\/simc.montserrat.es\/ca\/wp-json\/wp\/v2\/users\/1"}],"replies":[{"embeddable":true,"href":"https:\/\/simc.montserrat.es\/ca\/wp-json\/wp\/v2\/comments?post=4518"}],"version-history":[{"count":14,"href":"https:\/\/simc.montserrat.es\/ca\/wp-json\/wp\/v2\/pages\/4518\/revisions"}],"predecessor-version":[{"id":7694,"href":"https:\/\/simc.montserrat.es\/ca\/wp-json\/wp\/v2\/pages\/4518\/revisions\/7694"}],"wp:attachment":[{"href":"https:\/\/simc.montserrat.es\/ca\/wp-json\/wp\/v2\/media?parent=4518"}],"curies":[{"name":"wp","href":"https:\/\/api.w.org\/{rel}","templated":true}]}}