{"id":3937,"date":"2009-12-16T14:04:39","date_gmt":"2009-12-16T12:04:39","guid":{"rendered":"http:\/\/simc.montserrat.es\/historia\/"},"modified":"2018-12-14T14:51:45","modified_gmt":"2018-12-14T12:51:45","slug":"historia","status":"publish","type":"page","link":"https:\/\/simc.montserrat.es\/ca\/historia\/","title":{"rendered":"Hist\u00f2ria"},"content":{"rendered":"<p>Hist\u00f2ria<\/p>\n<p>La Setmana Internacional de M\u00fasica de Cambra sorgeix, segons Rosa Navarro Alemany en el seu estudi &#8220;La Setmana Internacional de M\u00fasica de Cambra: Evoluci\u00f3 i an\u00e0lisi&#8221;, el 1981 a Montserrat, gr\u00e0cies a la iniciativa de D. Salvador Segu\u00ed, com a conseq\u00fc\u00e8ncia d&#8217;una s\u00e8rie de condicions que van propiciar seu naixement en aquest municipi.<\/p>\n<p>Entre ells, l&#8217;arrelament i la vinculaci\u00f3 que des de sempre havia mantingut Montserrat amb la m\u00fasica per mitj\u00e0 de la Banda de M\u00fasica, l&#8217;Escola Municipal de M\u00fasica i la C\u00e0tedra ambulant de viol\u00ed i violoncel. El 1996 la direcci\u00f3 t\u00e8cnica de la SIMC passa de Salvador Segu\u00ed a Vicente Campos, el seu deixeble i director del Conservatori de Castell\u00f3. La presid\u00e8ncia de la SIMC recau en l&#8217;alcaldia de la localitat. Tots dos han treballat en coordinaci\u00f3 amb la regidoria de cultura qui participa de manera directa en la preparaci\u00f3 i promoci\u00f3 de l&#8217;esdeveniment.<br \/>\nDes de primera hora, tant l&#8217;Ajuntament de Montserrat com la Uni\u00f3 Instructiva Musical de Montserrat han donat suport aquest projecte aportant recursos. Des de 1981, edici\u00f3 rere edici\u00f3, s&#8217;ha millorat l&#8217;oferta, aconseguint crear un producte cultural \u00fanic. Per aquesta ra\u00f3 ha estat necessari buscar patrocinadors i col\u00b7laboradors fora de l&#8217;administraci\u00f3 p\u00fablica local.<br \/>\nA partir de 2015 s&#8217;inicia una nova etapa en l&#8217;organitzaci\u00f3 de la SIMC i com a mostra d&#8217;aix\u00f2 \u00e9s la creaci\u00f3 i incorporaci\u00f3 a la mateixa del Consell de Cultura en qu\u00e8 es troben representades les diferents entitats culturals del municipi aix\u00ed com membres significatius i de reconegut prestigi professional en el camp de les arts.<\/p>\n<p><!-- {\"name\":\"\",\"type\":\"layout\",\"children\":[{\"name\":\"\",\"type\":\"section\",\"props\":{\"style\":\"default\",\"width\":\"default\",\"vertical_align\":\"\",\"title_position\":\"top-left\",\"title_rotation\":\"left\",\"title_breakpoint\":\"xl\",\"image_position\":\"center-center\",\"text_color\":\"\",\"width_expand\":\"\",\"height\":\"\",\"padding\":\"\",\"header_transparent\":\"\",\"animation\":\"\"},\"children\":[{\"name\":\"\",\"type\":\"row\",\"props\":{\"layout\":\"1-1\",\"breakpoint\":\"m\",\"fixed_width\":\"large\",\"gutter\":\"\",\"width\":\"\",\"width_expand\":\"\",\"height\":\"\",\"margin\":\"\"},\"children\":[{\"name\":\"\",\"type\":\"column\",\"props\":{\"widths\":[\"1-1\"],\"image_position\":\"center-center\",\"vertical_align\":\"\",\"style\":\"\",\"text_color\":\"\",\"padding\":\"\"},\"children\":[{\"name\":\"\",\"type\":\"headline\",\"props\":{\"title_element\":\"h1\",\"title_style\":\"heading-primary\",\"title_decoration\":\"\",\"title_color\":\"\",\"text_align\":\"\",\"text_align_breakpoint\":\"\",\"text_align_fallback\":\"\",\"maxwidth\":\"\",\"maxwidth_align\":\"\",\"maxwidth_breakpoint\":\"\",\"margin\":\"\",\"animation\":\"\",\"visibility\":\"\",\"content\":\"Hist\\u00f2ria\"}},{\"name\":\"\",\"type\":\"divider\",\"props\":{\"divider_element\":\"div\",\"divider_style\":\"small\",\"divider_align\":\"\",\"divider_align_breakpoint\":\"\",\"divider_align_fallback\":\"\",\"maxwidth\":\"\",\"maxwidth_align\":\"\",\"maxwidth_breakpoint\":\"\",\"margin\":\"\",\"animation\":\"\",\"visibility\":\"\"}}]}]}]},{\"name\":\"\",\"type\":\"section\",\"props\":{\"style\":\"default\",\"width\":\"default\",\"vertical_align\":\"\",\"title_position\":\"top-left\",\"title_rotation\":\"left\",\"title_breakpoint\":\"xl\",\"image_position\":\"center-center\",\"text_color\":\"\",\"width_expand\":\"\",\"height\":\"\",\"padding\":\"\",\"header_transparent\":\"\",\"animation\":\"\",\"padding_remove_top\":true},\"children\":[{\"name\":\"\",\"type\":\"row\",\"props\":{\"layout\":\"1-1\",\"breakpoint\":\"m\",\"fixed_width\":\"large\",\"gutter\":\"\",\"width\":\"\",\"width_expand\":\"\",\"height\":\"\",\"margin\":\"\"},\"children\":[{\"name\":\"\",\"type\":\"column\",\"props\":{\"widths\":[\"1-1\"],\"image_position\":\"center-center\",\"vertical_align\":\"\",\"style\":\"\",\"text_color\":\"\",\"padding\":\"\"},\"children\":[{\"name\":\"\",\"type\":\"html\",\"props\":{\"content\":\"La <strong>Setmana Internacional de M\\u00fasica de Cambra<\\\/strong> sorgeix, segons Rosa Navarro Alemany en el seu estudi \\\"La Setmana Internacional de M\\u00fasica de Cambra: Evoluci\\u00f3 i an\\u00e0lisi\\\", el 1981 a Montserrat, gr\\u00e0cies a la iniciativa de D. Salvador Segu\\u00ed, com a conseq\\u00fc\\u00e8ncia d'una s\\u00e8rie de condicions que van propiciar seu naixement en aquest municipi.<\\\/p>\"}},{\"name\":\"\",\"type\":\"image\",\"props\":{\"margin\":\"medium\",\"link_target\":\"\",\"image_border\":\"\",\"image_box_shadow\":\"\",\"image_hover_box_shadow\":\"\",\"image_box_decoration\":\"secondary\",\"text_align\":\"center\",\"text_align_breakpoint\":\"\",\"text_align_fallback\":\"\",\"maxwidth\":\"\",\"maxwidth_align\":\"\",\"maxwidth_breakpoint\":\"\",\"animation\":\"\",\"visibility\":\"\",\"image\":\"wp-content\\\/uploads\\\/2018\\\/12\\\/primera-simc.jpg\",\"image_height\":\"350\"}},{\"name\":\"\",\"type\":\"html\",\"props\":{\"content\":\"Entre ells, l'arrelament i la vinculaci\\u00f3 que des de sempre havia mantingut Montserrat amb la m\\u00fasica per mitj\\u00e0 de la Banda de M\\u00fasica, l'Escola Municipal de M\\u00fasica i la C\\u00e0tedra ambulant de viol\\u00ed i violoncel. El 1996 la direcci\\u00f3 t\\u00e8cnica de la SIMC passa de Salvador Segu\\u00ed a Vicente Campos, el seu deixeble i director del Conservatori de Castell\\u00f3. La presid\\u00e8ncia de la SIMC recau en l'alcaldia de la localitat. Tots dos han treballat en coordinaci\\u00f3 amb la regidoria de cultura qui participa de manera directa en la preparaci\\u00f3 i promoci\\u00f3 de l'esdeveniment.<\\\/p>\\nDes de primera hora, tant l'Ajuntament de Montserrat com la Uni\\u00f3 Instructiva Musical de Montserrat han donat suport aquest projecte aportant recursos. Des de 1981, edici\\u00f3 rere edici\\u00f3, s'ha millorat l'oferta, aconseguint crear un producte cultural \\u00fanic. Per aquesta ra\\u00f3 ha estat necessari buscar patrocinadors i col\\u00b7laboradors fora de l'administraci\\u00f3 p\\u00fablica local.<\\\/p>\\nA partir de 2015 s'inicia una nova etapa en l'organitzaci\\u00f3 de la SIMC i com a mostra d'aix\\u00f2 \\u00e9s la creaci\\u00f3 i incorporaci\\u00f3 a la mateixa del Consell de Cultura en qu\\u00e8 es troben representades les diferents entitats culturals del municipi aix\\u00ed com membres significatius i de reconegut prestigi professional en el camp de les arts.<\\\/p>\"}}]}]}]}]} --><\/p>\n","protected":false},"excerpt":{"rendered":"<p>Hist\u00f2ria La Setmana Internacional de M\u00fasica de Cambra sorgeix, segons Rosa Navarro Alemany en el seu estudi &#8220;La Setmana Internacional de M\u00fasica de Cambra: Evoluci\u00f3 i an\u00e0lisi&#8221;, el 1981 a Montserrat, gr\u00e0cies a la iniciativa de D. Salvador Segu\u00ed, com a conseq\u00fc\u00e8ncia d&#8217;una s\u00e8rie de condicions que van propiciar seu naixement en aquest municipi. Entre [&hellip;]<\/p>\n","protected":false},"author":1,"featured_media":0,"parent":0,"menu_order":0,"comment_status":"closed","ping_status":"closed","template":"","meta":{"_acf_changed":false,"footnotes":""},"class_list":["post-3937","page","type-page","status-publish","hentry"],"acf":[],"_links":{"self":[{"href":"https:\/\/simc.montserrat.es\/ca\/wp-json\/wp\/v2\/pages\/3937","targetHints":{"allow":["GET"]}}],"collection":[{"href":"https:\/\/simc.montserrat.es\/ca\/wp-json\/wp\/v2\/pages"}],"about":[{"href":"https:\/\/simc.montserrat.es\/ca\/wp-json\/wp\/v2\/types\/page"}],"author":[{"embeddable":true,"href":"https:\/\/simc.montserrat.es\/ca\/wp-json\/wp\/v2\/users\/1"}],"replies":[{"embeddable":true,"href":"https:\/\/simc.montserrat.es\/ca\/wp-json\/wp\/v2\/comments?post=3937"}],"version-history":[{"count":7,"href":"https:\/\/simc.montserrat.es\/ca\/wp-json\/wp\/v2\/pages\/3937\/revisions"}],"predecessor-version":[{"id":4530,"href":"https:\/\/simc.montserrat.es\/ca\/wp-json\/wp\/v2\/pages\/3937\/revisions\/4530"}],"wp:attachment":[{"href":"https:\/\/simc.montserrat.es\/ca\/wp-json\/wp\/v2\/media?parent=3937"}],"curies":[{"name":"wp","href":"https:\/\/api.w.org\/{rel}","templated":true}]}}